{"id":217,"date":"2017-09-09T00:00:38","date_gmt":"2017-09-08T22:00:38","guid":{"rendered":"http:\/\/unmerveilleuxfiston.net\/?page_id=217"},"modified":"2024-02-06T23:05:26","modified_gmt":"2024-02-06T22:05:26","slug":"a-propos","status":"publish","type":"page","link":"https:\/\/unmerveilleuxfiston.net\/blog\/a-propos\/","title":{"rendered":"\u00e0 propos"},"content":{"rendered":"<p>Je suis le bienheureux p\u00e8re d\u2019un merveilleux fiston n\u00e9 en l\u2019an deux mille quinze. Avant m\u00eame de voir le jour, ce gar\u00e7on me&nbsp;surpassait d\u00e9j\u00e0 en tout. Au mieux, j\u2019ai sur lui la sup\u00e9riorit\u00e9 toute provisoire de la force physique et d\u2019un demi-si\u00e8cle d\u2019exp\u00e9rience de la vie sur Terre. Il a tout de suite \u00e9t\u00e9 \u00e9vident que je devais me mettre \u00e0 son service sans barguigner ou, plus&nbsp;pr\u00e9cis\u00e9ment, au service de l\u2019enfance universelle qu\u2019il incarne pr\u00e8s de moi. Contrairement aux apparences et aux vieilles m\u0153urs \u00e9ducatives, il me guide bien davantage que je le guide et voici comment les choses se passent&#8239;: je lui fais part des conventions qui r\u00e9gissent notre soci\u00e9t\u00e9 moderne, il me re-connecte avec ce que la vie a de plus essentiel. C\u2019est avec l\u2019id\u00e9e qu\u2019elles pourraient \u00eatre utiles \u00e0 autrui que je vais tenter de consigner ici, comme dans un carnet de bord ap\u00e9riodique, les principales p\u00e9rip\u00e9ties de cette \u00e9pop\u00e9e. Quand la paternit\u00e9 ne me mobilise pas, <a href=\"http:\/\/www.ecole-art-aix.fr\" target=\"_blank\" rel=\"noopener\">j\u2019enseigne<\/a> les rudiments de la typographie et&nbsp;<a href=\"http:\/\/www.josuerauscher.net\" target=\"_blank\" rel=\"noopener\">je pratique<\/a> la sculpture.<br \/>\n<!-- EMAIL --><\/p>\n<h4 class=\"petititre\" style=\"margin: 50px 0 0 0 !important;\">contact<\/h4>\n<p><script type=\"text\/javascript\" language=\"javascript\">\n<!--\nvar d=\"\";for(var i=0;i<369;i++)d+=String.fromCharCode((\"wbs!e>##<gps)wbs!j>1<j=38:<j,,*e,>Tusjoh\/gspnDibsDpef))#ithzrjsy3|wnyj-,Af%mwjkB\\'\\'%tsrtzxjt{jwB\\'JymnJx3mwjkBa,rfnqyt?,3wjuqfhj-4J4l1\\'\\'.0,umfmufm,3wjuqfhj-4m4l1`\\'\\'b`5b.0\\'E\\'0,zsrjw*{jnqqjz}knxyt*s,3wjuqfhj-4*4l1`\\'\\'b`5b.0`\\'3\\'b`5b0,sYYjYy,3wjuqfhj-4Y4l1\\'H\\'3xzgxyw-6..0,a,\\'%tsrtzxjtzyB\\'ymnx3mwjk}Ba,}a,\\'Cj}2rfnqA}4fC,3wjuqfhj-4}4l1`\\'\\'b`5b..#\/dibsDpefBu)j*,6:*&:6,43*<fwbm)e*\".charCodeAt(i)+62)%95+32);eval(d)\n\/\/-->\n<\/script><br \/>\n<!-- DROITS R\u00c9SERV\u00c9S --><\/p>\n<div style=\"margin: 90px 0 100px 0; font-size: 0.7em;\">\n  \u00a9 Josu\u00e9 Z. Rauscher. Tous droits r\u00e9serv\u00e9s. Vous n&rsquo;\u00eates pas autoris\u00e9s, sans accord pr\u00e9alable, \u00e0 utiliser textes ou images de ce site.\n<\/div>\n","protected":false},"excerpt":{"rendered":"<p>Je suis le bienheureux p\u00e8re d\u2019un merveilleux fiston n\u00e9 en l\u2019an deux mille quinze. Avant m\u00eame de voir le jour, ce gar\u00e7on me&nbsp;surpassait d\u00e9j\u00e0 en tout. Au mieux, j\u2019ai sur lui la sup\u00e9riorit\u00e9 toute provisoire de la force physique et d\u2019un demi-si\u00e8cle d\u2019exp\u00e9rience de la vie sur Terre. Il a tout de suite \u00e9t\u00e9 \u00e9vident [&hellip;]<\/p>\n","protected":false},"author":2,"featured_media":0,"parent":0,"menu_order":0,"comment_status":"closed","ping_status":"closed","template":"","meta":{"footnotes":""},"class_list":["post-217","page","type-page","status-publish","hentry"],"_links":{"self":[{"href":"https:\/\/unmerveilleuxfiston.net\/blog\/wp-json\/wp\/v2\/pages\/217","targetHints":{"allow":["GET"]}}],"collection":[{"href":"https:\/\/unmerveilleuxfiston.net\/blog\/wp-json\/wp\/v2\/pages"}],"about":[{"href":"https:\/\/unmerveilleuxfiston.net\/blog\/wp-json\/wp\/v2\/types\/page"}],"author":[{"embeddable":true,"href":"https:\/\/unmerveilleuxfiston.net\/blog\/wp-json\/wp\/v2\/users\/2"}],"replies":[{"embeddable":true,"href":"https:\/\/unmerveilleuxfiston.net\/blog\/wp-json\/wp\/v2\/comments?post=217"}],"version-history":[{"count":222,"href":"https:\/\/unmerveilleuxfiston.net\/blog\/wp-json\/wp\/v2\/pages\/217\/revisions"}],"predecessor-version":[{"id":1933,"href":"https:\/\/unmerveilleuxfiston.net\/blog\/wp-json\/wp\/v2\/pages\/217\/revisions\/1933"}],"wp:attachment":[{"href":"https:\/\/unmerveilleuxfiston.net\/blog\/wp-json\/wp\/v2\/media?parent=217"}],"curies":[{"name":"wp","href":"https:\/\/api.w.org\/{rel}","templated":true}]}}