{"id":1071,"date":"2017-11-27T11:38:35","date_gmt":"2017-11-27T10:38:35","guid":{"rendered":"http:\/\/unmerveilleuxfiston.net\/?page_id=1071"},"modified":"2018-04-17T18:24:21","modified_gmt":"2018-04-17T16:24:21","slug":"bibliotheque","status":"publish","type":"page","link":"https:\/\/unmerveilleuxfiston.net\/blog\/bibliotheque\/","title":{"rendered":"biblioth\u00e8que"},"content":{"rendered":"<p><img loading=\"lazy\" decoding=\"async\" src=\"http:\/\/unmerveilleuxfiston.net\/wp-content\/uploads\/bibliographie-p1090980-1400px.jpg\" width=\"900\" height=\"601\" title=\"biblioth\u00e8que\" \/><br \/>\n&nbsp;<\/p>\n<p>\n  Livres lus, en cours de lecture ou encore coinc\u00e9s dans la trop haute pile des choses \u00e0 lire.<br \/>\n  &nbsp;\n<\/p>\n<div class=\"txt_biblio\">\n<h4 class=\"petititre\">enfance<\/h4>\n<p>\n    <em>Le droit de l&rsquo;enfant au respect.<\/em><br \/>\n    Janusz Korczak<br \/>\n    \u00c9d. Fabert, 2009 <span class=\"txt_petit\">(1<sup>\u00e8re<\/sup> \u00e9dition 1928)<\/span><\/p>\n<p>    <em>Quand je redeviendrai petit.<\/em><br \/>\n    Janusz Korczak<br \/>\n    \u00c9d. Fabert, 2013 <span class=\"txt_petit\">(1<sup>\u00e8re<\/sup> \u00e9dition 1925)<\/span><\/p>\n<p>    <em>S\u2019\u00e9vader de l\u2019enfance.<\/em><br \/>\n    John Holt<br \/>\n    \u00c9d. L\u2019Instant Pr\u00e9sent, 2014<\/p>\n<p>    <em>La domination adulte.<\/em><br \/>\n    Yves Bonnardel<br \/>\n    \u00c9d. Myriadis, 2015<\/p>\n<p>    <em>Pour l&rsquo;Abolition de l&rsquo;enfance.<\/em><br \/>\n    Shulamith Firestone<br \/>\n    \u00c9d. Tahin Party, 2007<\/p>\n<h4 class=\"petititre\">parentalit\u00e9<\/h4>\n<p>\n    <em>Le concept du continuum. \u00c0 la recherche du bonheur perdu.<\/em><br \/>\n    Jean Liedloff<br \/>\n    \u00c9d. Ambre, 2014<\/p>\n<p>    <em>Parents\u2026 tout simplement&#8239;!<\/em><br \/>\n    Kim J. Payne<br \/>\n    \u00c9d. aetera pour Triades SA, 2014<\/p>\n<p>    <em>Pour une enfance heureuse.<\/em><br \/>\n    Catherine Guegen<br \/>\n    \u00c9d. Robert Laffont, Paris, 2014<\/p>\n<p>    <em>Pourquoi l&rsquo;amour ne suffit pas.<\/em><br \/>\n    Claude Halmos<br \/>\n    Nil \u00c9d., Paris, 2006<\/p>\n<p>    <em>Parler pour que les enfants \u00e9coutent. \u00c9couter pour que les enfants parlent.<\/em><br \/>\n    Adele Faber, Elaine Mazlish<br \/>\n    \u00c9d.&nbsp;du&nbsp;Phare, 2012<\/p>\n<p>    <em>Dis, c&rsquo;est comment quand on mort&#8239;?<\/em><br \/>\n    H\u00e9l\u00e8ne Romano<br \/>\n    \u00c9d. La Pens\u00e9e Sauvage, 2009<\/p>\n<p>\n    <em>Tronche de z\u00e8bre.<\/em><br \/>\n    Vincent Thibodeau<br \/>\n    \u00c9d. Michel Lafon, 2016<\/p>\n<h4 class=\"petititre\">sant\u00e9<\/h4>\n<p>\n    <em>La (bonne) sant\u00e9 des enfants non vaccin\u00e9s.<\/em><br \/>\n    Dr. Fran\u00e7oise Berthoud<br \/>\n    \u00c9d. Jouvence, 2015<\/p>\n<p>    <em>Qui aime bien, vaccine peu&#8239;!<\/em><br \/>\n    Groupe m\u00e9dical de r\u00e9flexion sur les vaccins<br \/>\n    \u00c9d. Jouvence, 2007<\/p>\n<h4 class=\"petititre\">bien \u00eatre<\/h4>\n<p>\n    <em>Renouer avec la joie de l\u2019enfance.<\/em><br \/>\n    Antonella verdiani<br \/>\n    \u00c9d. Eyrolles, 2017<\/p>\n<p>    <em>Calme et attentif comme une grenouille.<\/em><br \/>\n    Eline Snel<br \/>\n    \u00c9d. Les Ar\u00e8nes, 2012<\/p>\n<p>    <em>Sans Couches c&rsquo;est la libert\u00e9.<\/em><br \/>\n    Ingrid Bauer<br \/>\n    \u00c9d. l&rsquo;Instant Pr\u00e9sent, 2006<\/p>\n<h4 class=\"petititre\">litt\u00e9rature<\/h4>\n<p>\n    <em>Troisi\u00e8me personne.<\/em><br \/>\n    Val\u00e9rie Mr\u00e9jen<br \/>\n    \u00c9d. P.O.L., 2017<\/p>\n<p>    <em>Le B\u00e9b\u00e9.<\/em><br \/>\n    Marie Darrieussecq<br \/>\n    \u00c9d. P.O.L., 2005<\/p>\n<p>    <em>Exquise Louise.<\/em><br \/>\n    Eug\u00e8ne Savitzkaya<br \/>\n    \u00c9d. de Minuit, 2003<\/p>\n<p>    <em>Marin mon c\u0153ur.<\/em><br \/>\n    Eug\u00e8ne Savitzkaya<br \/>\n    \u00c9d. de Minuit, 1992<\/p>\n<p>    <em>Ton p\u00e8re ce h\u00e9ros.<\/em><br \/>\n    Didier Tronchet<br \/>\n    \u00c9d. Flammarion, 2006<\/p>\n<p>    <em>Robinsons, p\u00e8re et fils.<\/em><br \/>\n    Didier Tronchet<br \/>\n    \u00c9d. Elytis, 2017<\/p>\n<h4 class=\"petititre\">apprentissages autonomes, unschooling, instruction en famille<\/h4>\n<p>\n    <em>\u00catre et devenir.<\/em><br \/>\n    Clara Bellar<br \/>\n    DVD, Pourquoi Pas productions, 2015<\/p>\n<p>    <em>Libre pour apprendre.<\/em><br \/>\n    Peter Gray<br \/>\n    \u00c9d. Actes Sud, 2016<\/p>\n<p>    <em>Les Apprentissages autonomes.<\/em><br \/>\n    John Holt<br \/>\n    \u00c9d. L&rsquo;Instant Pr\u00e9sent, 2014<\/p>\n<p>    <em>Jouer.<\/em><br \/>\n    Andr\u00e9 Stern<br \/>\n    \u00c9d. Actes Sud, 2017<\/p>\n<p>    <em>Grandir librement.<\/em><br \/>\n    \u00c8ve Herrmann<br \/>\n    \u00c9d. Solar, 2017<\/p>\n<p>    <em>Faire l\u2019\u00e9cole \u00e0 la maison.<\/em><br \/>\n    Isa Lise<br \/>\n    \u00c9d. Eyrolles, 2017<\/p>\n<p>    <em>\u00c0 l&rsquo;\u00e9cole de la vie. Les apprentissages informels sous le regard des sciences de l&rsquo;\u00e9ducation.<\/em><br \/>\n    Alan Thomas, Harriet Pattison<br \/>\n    \u00c9d. L\u2019Instant Pr\u00e9sent, 2013<\/p>\n<p>    <em>Apprendre par soi m\u00eame, avec les autres, dans le monde. L&rsquo;exp\u00e9rience du unschooling.<\/em><br \/>\n    M\u00e9lissa Plavis<br \/>\n    \u00c9d. Myriadis, 2017<\/p>\n<p>    <em>Insoumission \u00e0 l&rsquo;\u00e9cole obligatoire.<\/em><br \/>\n    Catherine Baker<br \/>\n    \u00c9d. Tahin Party, 2014<\/p>\n<p>    <em>L&rsquo;Enqu\u00eate de la mairie.<\/em><br \/>\n    Doriane Koscinski, Anne De Oliveira<br \/>\n    \u00c9d. L&rsquo;Instant Pr\u00e9sent, 2015<\/p>\n<p>    <em>L&rsquo;Apprentissage informel expliqu\u00e9 \u00e0 mon inspecteur.<\/em><br \/>\n    Claudia Renau<br \/>\n    \u00c9d. L&rsquo;Instant Pr\u00e9sent, 2012<\/p>\n<h4 class=\"petititre\">lecture\/\u00e9criture<\/h4>\n<p>\n    <em>Lire \u00e0 3 ans c&rsquo;est tout naturel.<\/em><br \/>\n    Fran\u00e7oise Boulanger<br \/>\n    \u00c9d. Nathan, 2015<\/p>\n<p>    <em>Apprendre \u00e0 lire en famille.<\/em><br \/>\n    Marl\u00e8ne Martin<br \/>\n    \u00c9d. L&rsquo;Instant Pr\u00e9sent, 2016<\/p>\n<p>    <em>Les neurones de la Lecture.<\/em><br \/>\n    Stanislas Dehaene<br \/>\n    \u00c9d. Odile Jacob, 2007<\/p>\n<p>    <em>Apprendre \u00e0 lire \u2013 Des sciences cognitives \u00e0 la salle de classe.<\/em><br \/>\n    Stanislas Dehaene avec Ghislaine Dehaene-Lambertz, \u00c9douard Gentaz, Caroline Huron, Liliane Sprenger-Charolles<br \/>\n    Odile&nbsp;Jacob, 2011<\/p>\n<p>    <em>Pendant la lecture.<\/em><br \/>\n    Gerard Unger<br \/>\n    \u00c9d. B42, 2015<\/p>\n<p>    <em>Lire se livre \u2014 \u00c9clats de lire.<\/em><br \/>\n    Jean-Pierre Lepri<br \/>\n    \u00c9d. Myriadis, 2016<\/p>\n<p>    <em>Apprendre \u00e0 lire pour apprendre.<\/em><br \/>\n    Jean-Pierre Lepri<br \/>\n    \u00c9d. Myriadis, 2016 <span class=\"txt_petit\">(1<sup>\u00e8re<\/sup> \u00e9dition Voies Livres, 1995)<\/span><\/p>\n<p>    <em>Grandir Autrement.<\/em><br \/>\n    (Dossier&#8239;: <em>La lecture.)<\/em><br \/>\n    N\u00b0\u200966, octobre 2017<\/p>\n<p>    <em>De A \u00e0 Z, Jouer avec l&rsquo;alphabet (Super cahier n\u00b01).<\/em><br \/>\n    Claire &#038; Damien Gautier<br \/>\n    \u00c9d. deux-cent-cinq, 2016<\/p>\n<p>    <em>Je lis, j&rsquo;\u00e9cris&#8239;: un apprentissage culturel et moderne de la lecture.<\/em><br \/>\n    Genevi\u00e8ve Krick, Janine Reichstadt, Catherine Gauthier<br \/>\n    \u00c9d.&nbsp;Les&nbsp;Lettres&nbsp;bleues, 2011<\/p>\n<h4 class=\"petititre\">math\u00e9matiques<\/h4>\n<p>\n    <em>Comptes pour petits et grands \u2013 Vol. 1 (nombre et num\u00e9ration).<\/em><br \/>\n    Stella Baruk<br \/>\n    \u00c9d. Magnard, 2003<\/p>\n<p>    <em>Psycho g\u00e9om\u00e9trie.<\/em><br \/>\n    Maria Montessori<br \/>\n    \u00c9d. Descl\u00e9e de Brouwer, 2007 <span class=\"txt_petit\">(1<sup>\u00e8re<\/sup> \u00e9dition 1934)<\/span><\/p>\n<h4 class=\"petititre\">nature<\/h4>\n<p>\n    <em>La vie secr\u00e8te des arbres.<\/em><br \/>\n    Peter Wohlleben<br \/>\n    \u00c9d. Les Ar\u00e8nes, 2017<\/p>\n<p>    <em>Comment \u00e9lever un enfant sauvage en ville.<\/em><br \/>\n    Scott D. Sampson<br \/>\n    \u00c9d. Les Ar\u00e8nes, 2016<\/p>\n<p>    <em>Vivre la nature avec les enfants.<\/em><br \/>\n    Joseph Bharat Cornell<br \/>\n    \u00c9d. Jouvence, 2017<\/p>\n<h4 class=\"petititre\">autres\/divers<\/h4>\n<p>\n    <em>Le Jeu et le jouet.<\/em><br \/>\n    Pierre Bercut<br \/>\n    \u00c9d. Novalis, 2004<\/p>\n<p>    <em>La Vie religieuse de l&rsquo;enfant.<\/em><br \/>\n    Otto Palmer, G\u00e9rard Klockenbring, Pierre Lienhard, Claudie Lalire<br \/>\n    \u00c9d. Iona, 2011<\/p>\n<h4 class=\"petititre\">l&rsquo;\u00e9cole<\/h4>\n<p>\n    <em>Une soci\u00e9t\u00e9 sans \u00e9cole.<\/em><br \/>\n    Ivan Illich<br \/>\n    \u00c9d. du Seuil, 1971<\/p>\n<p>    <em>Le P\u00e9dagogue n&rsquo;aime pas les enfants.<\/em><br \/>\n    Henri Roorda<br \/>\n    \u00c9d. Fayard\/Mille et une nuits, 2012 <span class=\"txt_petit\">(1<sup>\u00e8re<\/sup> \u00e9dition 1917)<\/span><\/p>\n<p>    <em>Le ma\u00eetre ignorant.<\/em><br \/>\n    Jacques Ranci\u00e8re<br \/>\n    \u00c9d. Fayard, 1987<\/p>\n<p>    <em>La fin de l\u2019\u00e9ducation&#8239;? Commencements\u2026<\/em><br \/>\n    Jean-Pierre Lepri<br \/>\n    \u00c9d. L\u2019Instant Pr\u00e9sent, 2012<\/p>\n<p>    <em>Les Lois naturelles de l&rsquo;enfant.<\/em><br \/>\n    C\u00e9line Alvarez<br \/>\n    \u00c9d. des Ar\u00e8nes, 2016<\/p>\n<p>    <em>Ces \u00e9coles qui rendent nos enfants heureux.<\/em><br \/>\n    Antonella Verdiani<br \/>\n    \u00c9d. Actes Sud, 2012<\/p>\n<h4 class=\"petititre\">Maria Montessori<\/h4>\n<p>\n    <em>L&rsquo;Enfant.<\/em><br \/>\n    Maria Montessori<br \/>\n    \u00c9d. Descl\u00e9e De Brouwer, 2016 <span class=\"txt_petit\">(1<sup>\u00e8re<\/sup> \u00e9dition fran\u00e7aise 1936)<\/span><\/p>\n<p>    <em>L&rsquo;Esprit absorbant de l&rsquo;enfant.<\/em><br \/>\n    Maria Montessori<br \/>\n    \u00c9d. Descl\u00e9e De Brouwer, 2010 <span class=\"txt_petit\">(1<sup>\u00e8re<\/sup> \u00e9dition fran\u00e7aise 1959)<\/span><\/p>\n<p>    <em>L&rsquo;Enfant est l&rsquo;avenir de l&rsquo;homme.<\/em><br \/>\n    Maria Montessori<br \/>\n    \u00c9d. Descl\u00e9e De Brouwer, 2017 <span class=\"txt_petit\">(1<sup>\u00e8re<\/sup> \u00e9dition fran\u00e7aise 1946)<\/span><\/p>\n<p>    <em>Dieu et l&rsquo;enfant et autres \u00e9crits in\u00e9dits.<\/em><br \/>\n    Maria Montessori<br \/>\n    \u00c9d. Parole et Silence, 2015<\/p>\n<p>    <em>Les \u00c9tapes de l&rsquo;\u00e9ducation.<\/em><br \/>\n    Maria Montessori<br \/>\n    \u00c9d. Descl\u00e9e De Brouwer, 2007 <span class=\"txt_petit\">(1<sup>\u00e8re<\/sup> \u00e9dition fran\u00e7aise 1936)<\/span><\/p>\n<p>    <em>La P\u00e9dagogie Montessori.<\/em><br \/>\n    Kristina Skj\u00f6ld Wennerstr\u00f6m, Mari Br\u00f6derman Smeds<br \/>\n    \u00c9d. l&rsquo;Instant Pr\u00e9sent, 2012<\/p>\n<p>    <em>Montessori de la naissance \u00e0 trois ans.<\/em><br \/>\n    Charlotte Poussin<br \/>\n    \u00c9d. Eyrolles, 2016<\/p>\n<p>    <em>Le Quotidien avec mon enfant.<\/em><br \/>\n    \u00c9d. l&rsquo;Instant Pr\u00e9sent, 2013<br \/>\n    Jeannette Toulemonde<\/p>\n<p>    <em>Appliquer la pens\u00e9e Montessori chez soi.<\/em><br \/>\n    Emmanuelle Opezzo<br \/>\n    \u00c9d. Marabout Hachette Livres, 2015<\/p>\n<h4 class=\"petititre\">C\u00e9lestin Freinet<\/h4>\n<p>\n    <em>L&rsquo;\u00c9cole buissonni\u00e8re.<\/em><br \/>\n    Jean-Paul Le Chanois<br \/>\n    DVD, Doriane Films, 1949<br \/>\n    <span class=\"txt_petit\">(avec mon propre p\u00e8re qui, \u00e2g\u00e9 de onze ans, incarne le r\u00f4le d&rsquo;un des \u00e9coliers)<\/span><\/p>\n<h4 class=\"petititre\">\u00e9coles du troisi\u00e8me type<\/h4>\n<p>\n    <em>Oui&#8239;! Mais\u2026<\/em><br \/>\n    Bernard Collot<br \/>\n    \u00c9d. l&rsquo;Instant Pr\u00e9sent, 2017<\/p>\n<h4 class=\"petititre\">Rudolf Steiner (p\u00e9dagogie Waldorf)<\/h4>\n<p>\n    <em>Les Origines de la p\u00e9dagogie Waldorf et la pens\u00e9e de Rudolf Steiner.<\/em><br \/>\n    (conf\u00e9rence du 19 septembre 2001 \u00e0 l&rsquo;\u00e9cole Perceval de Chatou)<br \/>\n    Raymond Burlotte<br \/>\n    Les publications de l&rsquo;Apaps, 2001<\/p>\n<\/div>\n<p>&nbsp;<br \/>\n&nbsp;<br \/>\n&nbsp;<br \/>\n&nbsp;<br \/>\n&nbsp;<br \/>\n&nbsp;<br \/>\n&nbsp;<\/p>\n","protected":false},"excerpt":{"rendered":"<p>&nbsp; Livres lus, en cours de lecture ou encore coinc\u00e9s dans la trop haute pile des choses \u00e0 lire. &nbsp; enfance Le droit de l&rsquo;enfant au respect. Janusz Korczak \u00c9d. Fabert, 2009 (1\u00e8re \u00e9dition 1928) Quand je redeviendrai petit. Janusz Korczak \u00c9d. Fabert, 2013 (1\u00e8re \u00e9dition 1925) S\u2019\u00e9vader de l\u2019enfance. John Holt \u00c9d. L\u2019Instant Pr\u00e9sent, [&hellip;]<\/p>\n","protected":false},"author":2,"featured_media":0,"parent":0,"menu_order":0,"comment_status":"closed","ping_status":"closed","template":"","meta":{"footnotes":""},"class_list":["post-1071","page","type-page","status-publish","hentry"],"_links":{"self":[{"href":"https:\/\/unmerveilleuxfiston.net\/blog\/wp-json\/wp\/v2\/pages\/1071","targetHints":{"allow":["GET"]}}],"collection":[{"href":"https:\/\/unmerveilleuxfiston.net\/blog\/wp-json\/wp\/v2\/pages"}],"about":[{"href":"https:\/\/unmerveilleuxfiston.net\/blog\/wp-json\/wp\/v2\/types\/page"}],"author":[{"embeddable":true,"href":"https:\/\/unmerveilleuxfiston.net\/blog\/wp-json\/wp\/v2\/users\/2"}],"replies":[{"embeddable":true,"href":"https:\/\/unmerveilleuxfiston.net\/blog\/wp-json\/wp\/v2\/comments?post=1071"}],"version-history":[{"count":127,"href":"https:\/\/unmerveilleuxfiston.net\/blog\/wp-json\/wp\/v2\/pages\/1071\/revisions"}],"predecessor-version":[{"id":1921,"href":"https:\/\/unmerveilleuxfiston.net\/blog\/wp-json\/wp\/v2\/pages\/1071\/revisions\/1921"}],"wp:attachment":[{"href":"https:\/\/unmerveilleuxfiston.net\/blog\/wp-json\/wp\/v2\/media?parent=1071"}],"curies":[{"name":"wp","href":"https:\/\/api.w.org\/{rel}","templated":true}]}}